{"id":510,"date":"2022-09-25T14:10:00","date_gmt":"2022-09-25T14:10:00","guid":{"rendered":"https:\/\/hectorchicken.eu\/?page_id=510"},"modified":"2022-12-16T10:10:28","modified_gmt":"2022-12-16T10:10:28","slug":"restaurants","status":"publish","type":"page","link":"https:\/\/hectorchicken.eu\/nl\/restaurants\/","title":{"rendered":"Restaurants"},"content":{"rendered":"<div data-elementor-type=\"wp-page\" data-elementor-id=\"510\" class=\"elementor elementor-510\" data-elementor-post-type=\"page\">\n\t\t\t\t\t\t<section data-particle_enable=\"false\" data-particle-mobile-disabled=\"false\" class=\"elementor-section elementor-top-section elementor-element elementor-element-2d3d630 elementor-section-full_width elementor-hidden-mobile elementor-section-height-default elementor-section-height-default\" data-id=\"2d3d630\" data-element_type=\"section\">\n\t\t\t\t\t\t<div class=\"elementor-container elementor-column-gap-no\">\n\t\t\t\t\t<div class=\"elementor-column elementor-col-100 elementor-top-column elementor-element elementor-element-1707a45\" data-id=\"1707a45\" data-element_type=\"column\">\n\t\t\t<div class=\"elementor-widget-wrap elementor-element-populated\">\n\t\t\t\t\t\t<div class=\"elementor-element elementor-element-8be04b6 elementor-widget__width-inherit elementor--h-position-center elementor--v-position-middle elementor-arrows-position-inside elementor-pagination-position-inside elementor-widget elementor-widget-slides\" data-id=\"8be04b6\" data-element_type=\"widget\" data-settings=\"{&quot;transition&quot;:&quot;fade&quot;,&quot;navigation&quot;:&quot;both&quot;,&quot;autoplay&quot;:&quot;yes&quot;,&quot;pause_on_hover&quot;:&quot;yes&quot;,&quot;pause_on_interaction&quot;:&quot;yes&quot;,&quot;autoplay_speed&quot;:5000,&quot;infinite&quot;:&quot;yes&quot;,&quot;transition_speed&quot;:500}\" data-widget_type=\"slides.default\">\n\t\t\t\t<div class=\"elementor-widget-container\">\n\t\t\t\t\t\t\t\t\t<div class=\"elementor-swiper\">\n\t\t\t\t\t<div class=\"elementor-slides-wrapper elementor-main-swiper swiper\" role=\"region\" aria-roledescription=\"carousel\" aria-label=\"Slides\" dir=\"ltr\" data-animation=\"fadeInUp\">\n\t\t\t\t<div class=\"swiper-wrapper elementor-slides\">\n\t\t\t\t\t\t\t\t\t\t<div class=\"elementor-repeater-item-fe41b94 swiper-slide\" role=\"group\" aria-roledescription=\"slide\"><div class=\"swiper-slide-bg elementor-ken-burns elementor-ken-burns--in\" role=\"img\" aria-label=\"Hector Chicken Restaurant\"><\/div><div class=\"swiper-slide-inner\" ><div class=\"swiper-slide-contents\"><\/div><\/div><\/div>\t\t\t\t<\/div>\n\t\t\t\t\t\t\t<\/div>\n\t\t\t\t<\/div>\n\t\t\t\t\t\t\t\t<\/div>\n\t\t\t\t<\/div>\n\t\t\t\t\t<\/div>\n\t\t<\/div>\n\t\t\t\t\t<\/div>\n\t\t<\/section>\n\t\t\t\t<section data-particle_enable=\"false\" data-particle-mobile-disabled=\"false\" class=\"elementor-section elementor-top-section elementor-element elementor-element-1c6f4db elementor-section-boxed elementor-section-height-default elementor-section-height-default\" data-id=\"1c6f4db\" data-element_type=\"section\" data-settings=\"{&quot;background_background&quot;:&quot;classic&quot;}\">\n\t\t\t\t\t\t<div class=\"elementor-container elementor-column-gap-default\">\n\t\t\t\t\t<div class=\"elementor-column elementor-col-100 elementor-top-column elementor-element elementor-element-23ec003\" data-id=\"23ec003\" data-element_type=\"column\">\n\t\t\t<div class=\"elementor-widget-wrap elementor-element-populated\">\n\t\t\t\t\t\t<div class=\"elementor-element elementor-element-968ae75 elementor-widget elementor-widget-heading\" data-id=\"968ae75\" data-element_type=\"widget\" data-widget_type=\"heading.default\">\n\t\t\t\t<div class=\"elementor-widget-container\">\n\t\t\t\t\t<h1 class=\"elementor-heading-title elementor-size-default\">RESTAURANTS<\/h1>\t\t\t\t<\/div>\n\t\t\t\t<\/div>\n\t\t\t\t\t<\/div>\n\t\t<\/div>\n\t\t\t\t\t<\/div>\n\t\t<\/section>\n\t\t\t\t<section data-particle_enable=\"false\" data-particle-mobile-disabled=\"false\" class=\"elementor-section elementor-top-section elementor-element elementor-element-25f2d4b elementor-section-full_width elementor-section-height-default elementor-section-height-default\" data-id=\"25f2d4b\" data-element_type=\"section\">\n\t\t\t\t\t\t<div class=\"elementor-container elementor-column-gap-default\">\n\t\t\t\t\t<div class=\"elementor-column elementor-col-33 elementor-top-column elementor-element elementor-element-af93371\" data-id=\"af93371\" data-element_type=\"column\">\n\t\t\t<div class=\"elementor-widget-wrap elementor-element-populated\">\n\t\t\t\t\t\t<div class=\"elementor-element elementor-element-875a5ad elementor-widget elementor-widget-image\" data-id=\"875a5ad\" data-element_type=\"widget\" data-widget_type=\"image.default\">\n\t\t\t\t<div class=\"elementor-widget-container\">\n\t\t\t\t\t\t\t\t\t\t\t\t\t\t\t<img fetchpriority=\"high\" decoding=\"async\" width=\"768\" height=\"1152\" src=\"https:\/\/hectorchicken.eu\/wp-content\/uploads\/2022\/12\/RESTAURANT_yourstory_agency-7400081-768x1152.jpg\" class=\"attachment-medium_large size-medium_large wp-image-631\" alt=\"Hector Chicken Restaurant\" srcset=\"https:\/\/hectorchicken.eu\/wp-content\/uploads\/2022\/12\/RESTAURANT_yourstory_agency-7400081-768x1152.jpg 768w, https:\/\/hectorchicken.eu\/wp-content\/uploads\/2022\/12\/RESTAURANT_yourstory_agency-7400081-200x300.jpg 200w, https:\/\/hectorchicken.eu\/wp-content\/uploads\/2022\/12\/RESTAURANT_yourstory_agency-7400081-682x1024.jpg 682w, https:\/\/hectorchicken.eu\/wp-content\/uploads\/2022\/12\/RESTAURANT_yourstory_agency-7400081-1024x1536.jpg 1024w, https:\/\/hectorchicken.eu\/wp-content\/uploads\/2022\/12\/RESTAURANT_yourstory_agency-7400081-8x12.jpg 8w, https:\/\/hectorchicken.eu\/wp-content\/uploads\/2022\/12\/RESTAURANT_yourstory_agency-7400081.jpg 1333w\" sizes=\"(max-width: 768px) 100vw, 768px\" \/>\t\t\t\t\t\t\t\t\t\t\t\t\t\t\t<\/div>\n\t\t\t\t<\/div>\n\t\t\t\t\t<\/div>\n\t\t<\/div>\n\t\t\t\t<div class=\"elementor-column elementor-col-33 elementor-top-column elementor-element elementor-element-69f5a71\" data-id=\"69f5a71\" data-element_type=\"column\">\n\t\t\t<div class=\"elementor-widget-wrap elementor-element-populated\">\n\t\t\t\t\t\t<div class=\"elementor-element elementor-element-cc6c146 eael-infobox-content-align--center eael-infobox-icon-bg-shape-none eael-infobox-icon-hover-bg-shape-none elementor-widget elementor-widget-eael-info-box\" data-id=\"cc6c146\" data-element_type=\"widget\" data-widget_type=\"eael-info-box.default\">\n\t\t\t\t<div class=\"elementor-widget-container\">\n\t\t\t\t\t        <div class=\"eael-infobox icon-on-top\">\n\t            <div class=\"infobox-icon\">\n\n            \n            \n                            <div class=\"infobox-icon-wrap\">\n                    <span class=\"infobox-icon-number\"><\/span>\n                <\/div>\n            \n        <\/div>\n            <div class=\"infobox-content\">\n                    <div class=\"infobox-title-section\">\n                <h2 class=\"title\">Bruxelles, Porte de namur<\/h2>            <\/div>\n            <div><p>Avenue de la Toison d&rsquo;Or 6<br \/>1050 Ixelles<br \/>Tel : +32 2 274 13 33<\/p><\/div>        <\/div>\n            <\/div>\n\n\t\t\t\t\t\t<\/div>\n\t\t\t\t<\/div>\n\t\t\t\t<div class=\"elementor-element elementor-element-1502a1e eael-infobox-content-align--center eael-infobox-icon-bg-shape-none eael-infobox-icon-hover-bg-shape-none elementor-widget elementor-widget-eael-info-box\" data-id=\"1502a1e\" data-element_type=\"widget\" data-widget_type=\"eael-info-box.default\">\n\t\t\t\t<div class=\"elementor-widget-container\">\n\t\t\t\t\t        <div class=\"eael-infobox icon-on-top\">\n\t            <div class=\"infobox-icon\">\n\n            \n            \n                            <div class=\"infobox-icon-wrap\">\n                    <span class=\"infobox-icon-number\"><\/span>\n                <\/div>\n            \n        <\/div>\n            <div class=\"infobox-content\">\n                    <div class=\"infobox-title-section\">\n                <h2 class=\"title\">Bruxelles, Saint Gilles<\/h2>            <\/div>\n            <div><p>Chauss\u00e9e de Waterloo 57<br \/>1060 Saint-Gilles<br \/>Tel : +32 2 534 83 17\u00a0<\/p><\/div>        <\/div>\n            <\/div>\n\n\t\t\t\t\t\t<\/div>\n\t\t\t\t<\/div>\n\t\t\t\t<div class=\"elementor-element elementor-element-07ac039 eael-infobox-content-align--center eael-infobox-icon-bg-shape-none eael-infobox-icon-hover-bg-shape-none elementor-widget elementor-widget-eael-info-box\" data-id=\"07ac039\" data-element_type=\"widget\" data-widget_type=\"eael-info-box.default\">\n\t\t\t\t<div class=\"elementor-widget-container\">\n\t\t\t\t\t        <div class=\"eael-infobox icon-on-top\">\n\t            <div class=\"infobox-icon\">\n\n            \n            \n                            <div class=\"infobox-icon-wrap\">\n                    <span class=\"infobox-icon-number\"><\/span>\n                <\/div>\n            \n        <\/div>\n            <div class=\"infobox-content\">\n                    <div class=\"infobox-title-section\">\n                <h2 class=\"title\">Bruxelles, Bascule<\/h2>            <\/div>\n            <div><p>Chauss\u00e9e de Waterloo 580<br \/>1050 Ixelles<br \/>Tel : +32 2 346 87 10<\/p><\/div>        <\/div>\n            <\/div>\n\n\t\t\t\t\t\t<\/div>\n\t\t\t\t<\/div>\n\t\t\t\t\t<\/div>\n\t\t<\/div>\n\t\t\t\t<div class=\"elementor-column elementor-col-33 elementor-top-column elementor-element elementor-element-c8795dd\" data-id=\"c8795dd\" data-element_type=\"column\">\n\t\t\t<div class=\"elementor-widget-wrap elementor-element-populated\">\n\t\t\t\t\t\t<div class=\"elementor-element elementor-element-20e1f5e eael-infobox-content-align--center eael-infobox-icon-bg-shape-none eael-infobox-icon-hover-bg-shape-none elementor-widget elementor-widget-eael-info-box\" data-id=\"20e1f5e\" data-element_type=\"widget\" data-widget_type=\"eael-info-box.default\">\n\t\t\t\t<div class=\"elementor-widget-container\">\n\t\t\t\t\t        <div class=\"eael-infobox icon-on-top\">\n\t            <div class=\"infobox-icon\">\n\n            \n            \n                            <div class=\"infobox-icon-wrap\">\n                    <span class=\"infobox-icon-number\"><\/span>\n                <\/div>\n            \n        <\/div>\n            <div class=\"infobox-content\">\n                    <div class=\"infobox-title-section\">\n                <h2 class=\"title\">Bruxelles, Place De Brouck\u00e8re<\/h2>            <\/div>\n            <div><p>Place De Brouck\u00e8re 15, <br \/>1000 Brussel<br \/>Tel : +32 2 219 09 23<\/p><\/div>        <\/div>\n            <\/div>\n\n\t\t\t\t\t\t<\/div>\n\t\t\t\t<\/div>\n\t\t\t\t<div class=\"elementor-element elementor-element-8cf31d5 eael-infobox-content-align--center eael-infobox-icon-bg-shape-none eael-infobox-icon-hover-bg-shape-none elementor-widget elementor-widget-eael-info-box\" data-id=\"8cf31d5\" data-element_type=\"widget\" data-widget_type=\"eael-info-box.default\">\n\t\t\t\t<div class=\"elementor-widget-container\">\n\t\t\t\t\t        <div class=\"eael-infobox icon-on-top\">\n\t            <div class=\"infobox-icon\">\n\n            \n            \n                            <div class=\"infobox-icon-wrap\">\n                    <span class=\"infobox-icon-number\"><\/span>\n                <\/div>\n            \n        <\/div>\n            <div class=\"infobox-content\">\n                    <div class=\"infobox-title-section\">\n                <h2 class=\"title\">Bruxelles, Cimeti\u00e8re d'Ixelles<\/h2>            <\/div>\n            <div><p>Avenue de l&rsquo;universit\u00e9 29<br \/>1050 Ixelles<br \/>Tel : +32 2 647 71 05\u00a0<\/p><\/div>        <\/div>\n            <\/div>\n\n\t\t\t\t\t\t<\/div>\n\t\t\t\t<\/div>\n\t\t\t\t<div class=\"elementor-element elementor-element-adb1ad8 eael-infobox-content-align--center eael-infobox-icon-bg-shape-none eael-infobox-icon-hover-bg-shape-none elementor-widget elementor-widget-eael-info-box\" data-id=\"adb1ad8\" data-element_type=\"widget\" data-widget_type=\"eael-info-box.default\">\n\t\t\t\t<div class=\"elementor-widget-container\">\n\t\t\t\t\t        <div class=\"eael-infobox icon-on-top\">\n\t            <div class=\"infobox-icon\">\n\n            \n            \n                            <div class=\"infobox-icon-wrap\">\n                    <span class=\"infobox-icon-number\"><\/span>\n                <\/div>\n            \n        <\/div>\n            <div class=\"infobox-content\">\n                    <div class=\"infobox-title-section\">\n                <h2 class=\"title\">Anvers, Central Station<\/h2>            <\/div>\n            <div><p>De Keyserlei 53<br \/>2018 Antwerpen<br \/>Tel : +32 3 225 05 80<\/p><\/div>        <\/div>\n            <\/div>\n\n\t\t\t\t\t\t<\/div>\n\t\t\t\t<\/div>\n\t\t\t\t\t<\/div>\n\t\t<\/div>\n\t\t\t\t\t<\/div>\n\t\t<\/section>\n\t\t\t\t<\/div>","protected":false},"excerpt":{"rendered":"<p>RESTAURANTS Bruxelles, Porte de namur Avenue de la Toison d&rsquo;Or 61050 IxellesTel : +32 2 274 13 33 Bruxelles, Saint Gilles Chauss\u00e9e de Waterloo 571060 Saint-GillesTel : +32 2 534 83 17\u00a0 Bruxelles, Bascule Chauss\u00e9e de Waterloo 5801050 IxellesTel : +32 2 346 87 10 Bruxelles, Place De Brouck\u00e8re Place De Brouck\u00e8re 15, 1000 BruxellesTel [&hellip;]<\/p>","protected":false},"author":1,"featured_media":0,"parent":0,"menu_order":0,"comment_status":"closed","ping_status":"closed","template":"elementor_header_footer","meta":{"_monsterinsights_skip_tracking":false,"_monsterinsights_sitenote_active":false,"_monsterinsights_sitenote_note":"","_monsterinsights_sitenote_category":0,"footnotes":""},"class_list":["post-510","page","type-page","status-publish","hentry"],"aioseo_notices":[],"_links":{"self":[{"href":"https:\/\/hectorchicken.eu\/nl\/wp-json\/wp\/v2\/pages\/510","targetHints":{"allow":["GET"]}}],"collection":[{"href":"https:\/\/hectorchicken.eu\/nl\/wp-json\/wp\/v2\/pages"}],"about":[{"href":"https:\/\/hectorchicken.eu\/nl\/wp-json\/wp\/v2\/types\/page"}],"author":[{"embeddable":true,"href":"https:\/\/hectorchicken.eu\/nl\/wp-json\/wp\/v2\/users\/1"}],"replies":[{"embeddable":true,"href":"https:\/\/hectorchicken.eu\/nl\/wp-json\/wp\/v2\/comments?post=510"}],"version-history":[{"count":59,"href":"https:\/\/hectorchicken.eu\/nl\/wp-json\/wp\/v2\/pages\/510\/revisions"}],"predecessor-version":[{"id":650,"href":"https:\/\/hectorchicken.eu\/nl\/wp-json\/wp\/v2\/pages\/510\/revisions\/650"}],"wp:attachment":[{"href":"https:\/\/hectorchicken.eu\/nl\/wp-json\/wp\/v2\/media?parent=510"}],"curies":[{"name":"wp","href":"https:\/\/api.w.org\/{rel}","templated":true}]}}