{"id":769,"date":"2022-12-19T12:35:40","date_gmt":"2022-12-19T11:35:40","guid":{"rendered":"https:\/\/hectorchicken.eu\/?page_id=769"},"modified":"2022-12-20T15:09:38","modified_gmt":"2022-12-20T14:09:38","slug":"about","status":"publish","type":"page","link":"https:\/\/hectorchicken.eu\/nl\/about\/","title":{"rendered":"About Hector Chicken"},"content":{"rendered":"<div data-elementor-type=\"wp-page\" data-elementor-id=\"769\" class=\"elementor elementor-769\" data-elementor-post-type=\"page\">\n\t\t\t\t\t\t<section data-particle_enable=\"false\" data-particle-mobile-disabled=\"false\" class=\"elementor-section elementor-top-section elementor-element elementor-element-1c6f4db elementor-section-boxed elementor-section-height-default elementor-section-height-default\" data-id=\"1c6f4db\" data-element_type=\"section\" data-settings=\"{&quot;background_background&quot;:&quot;classic&quot;}\">\n\t\t\t\t\t\t<div class=\"elementor-container elementor-column-gap-default\">\n\t\t\t\t\t<div class=\"elementor-column elementor-col-100 elementor-top-column elementor-element elementor-element-23ec003\" data-id=\"23ec003\" data-element_type=\"column\">\n\t\t\t<div class=\"elementor-widget-wrap elementor-element-populated\">\n\t\t\t\t\t\t<div class=\"elementor-element elementor-element-968ae75 elementor-widget elementor-widget-heading\" data-id=\"968ae75\" data-element_type=\"widget\" data-widget_type=\"heading.default\">\n\t\t\t\t<div class=\"elementor-widget-container\">\n\t\t\t\t\t<h1 class=\"elementor-heading-title elementor-size-default\">ABOUT<\/h1>\t\t\t\t<\/div>\n\t\t\t\t<\/div>\n\t\t\t\t\t<\/div>\n\t\t<\/div>\n\t\t\t\t\t<\/div>\n\t\t<\/section>\n\t\t\t\t<section data-particle_enable=\"false\" data-particle-mobile-disabled=\"false\" class=\"elementor-section elementor-top-section elementor-element elementor-element-a609344 elementor-section-boxed elementor-section-height-default elementor-section-height-default\" data-id=\"a609344\" data-element_type=\"section\" data-settings=\"{&quot;background_background&quot;:&quot;slideshow&quot;,&quot;background_slideshow_gallery&quot;:[{&quot;id&quot;:261,&quot;url&quot;:&quot;http:\\\/\\\/hectorchicken.eu\\\/wp-content\\\/uploads\\\/2022\\\/04\\\/Nouveau-projet.png&quot;}],&quot;background_slideshow_loop&quot;:&quot;yes&quot;,&quot;background_slideshow_slide_duration&quot;:5000,&quot;background_slideshow_slide_transition&quot;:&quot;fade&quot;,&quot;background_slideshow_transition_duration&quot;:500}\">\n\t\t\t\t\t\t<div class=\"elementor-container elementor-column-gap-default\">\n\t\t\t\t\t<div class=\"elementor-column elementor-col-50 elementor-top-column elementor-element elementor-element-b3b29aa\" data-id=\"b3b29aa\" data-element_type=\"column\">\n\t\t\t<div class=\"elementor-widget-wrap elementor-element-populated\">\n\t\t\t\t\t\t<div class=\"elementor-element elementor-element-a3959b6 elementor-widget elementor-widget-image\" data-id=\"a3959b6\" data-element_type=\"widget\" data-widget_type=\"image.default\">\n\t\t\t\t<div class=\"elementor-widget-container\">\n\t\t\t\t\t\t\t\t\t\t\t\t\t\t\t<img fetchpriority=\"high\" decoding=\"async\" width=\"800\" height=\"800\" src=\"https:\/\/hectorchicken.eu\/wp-content\/uploads\/2022\/09\/carrousel6-1024x1024.png\" class=\"attachment-large size-large wp-image-390\" alt=\"\" srcset=\"https:\/\/hectorchicken.eu\/wp-content\/uploads\/2022\/09\/carrousel6-1024x1024.png 1024w, https:\/\/hectorchicken.eu\/wp-content\/uploads\/2022\/09\/carrousel6-300x300.png 300w, https:\/\/hectorchicken.eu\/wp-content\/uploads\/2022\/09\/carrousel6-150x150.png 150w, https:\/\/hectorchicken.eu\/wp-content\/uploads\/2022\/09\/carrousel6-768x768.png 768w, https:\/\/hectorchicken.eu\/wp-content\/uploads\/2022\/09\/carrousel6.png 1327w\" sizes=\"(max-width: 800px) 100vw, 800px\" \/>\t\t\t\t\t\t\t\t\t\t\t\t\t\t\t<\/div>\n\t\t\t\t<\/div>\n\t\t\t\t\t<\/div>\n\t\t<\/div>\n\t\t\t\t<div class=\"elementor-column elementor-col-50 elementor-top-column elementor-element elementor-element-fc4b3dd\" data-id=\"fc4b3dd\" data-element_type=\"column\">\n\t\t\t<div class=\"elementor-widget-wrap elementor-element-populated\">\n\t\t\t\t\t\t<div class=\"elementor-element elementor-element-0048fcb elementor-widget elementor-widget-text-editor\" data-id=\"0048fcb\" data-element_type=\"widget\" data-widget_type=\"text-editor.default\">\n\t\t\t\t<div class=\"elementor-widget-container\">\n\t\t\t\t\t\t\t\t\t<p style=\"font-weight: 400;\">Hector Chicken, c\u2019est depuis 1994, le plaisir de se retrouver, de partager et de profiter, autour d\u2019un produit, qui n\u2019est autre que le poulet, r\u00e9confortant, populaire, qualitatif, qui met tout le monde d\u2019accord.<\/p><p style=\"font-weight: 400;\">Convivialit\u00e9, authenticit\u00e9, tradition et belgitude\u2026 autant de valeurs cl\u00e9s qu\u2019Hector se donne pour d\u00e9fi de transmettre au quotidien, d\u2019abord \u00e0 ses \u00e9quipes afin de fr\u00f4ler l\u2019excellence mais surtout \u00e0 vous, amateurs de poulet\u00a0!\u00a0<\/p><p style=\"font-weight: 400;\">Hector Chicken, c\u2019est aussi une histoire de famille qui perdure depuis bient\u00f4t 3 d\u00e9cennies. En digne sp\u00e9cialiste du poulet sous toutes ses formes, Hector prend plaisir \u00e0 cuisiner un poulet de qualit\u00e9 s\u00e9lectionn\u00e9 avec soin dans des fili\u00e8res Belges reconnues. Qu\u2019il soit r\u00f4ti, frit ou cuisin\u00e9, Hector se donne pour objectif de combler toutes les envies, pourvu qu\u2019elles soient gourmandes\u00a0!<\/p><p style=\"font-weight: 400;\">Hector Chicken, c\u2019est aussi des plats phares, vol au vent, riz, sauces chaudes cuisin\u00e9es sur place tous les jours et la garantie d\u2019une exp\u00e9rience g\u00e9n\u00e9reuse et go\u00fbtu , autant de produits de qualit\u00e9 pr\u00e9par\u00e9s avec soins, des techniques maitris\u00e9es et des recettes secr\u00e8tes qui en font sa force.\u00a0<\/p><p style=\"font-weight: 400;\">Avec un univers updat\u00e9 en mode 2022, Hector Chicken est fier de vous accueillir dans des restaurants \u00e0 l\u2019identit\u00e9 belge, avec le sourire. Nous avons h\u00e2te de vous y voir\u00a0!<\/p>\t\t\t\t\t\t\t\t<\/div>\n\t\t\t\t<\/div>\n\t\t\t\t\t<\/div>\n\t\t<\/div>\n\t\t\t\t\t<\/div>\n\t\t<\/section>\n\t\t\t\t<\/div>","protected":false},"excerpt":{"rendered":"<p>ABOUT Hector Chicken, c\u2019est depuis 1994, le plaisir de se retrouver, de partager et de profiter, autour d\u2019un produit, qui n\u2019est autre que le poulet, r\u00e9confortant, populaire, qualitatif, qui met tout le monde d\u2019accord. Convivialit\u00e9, authenticit\u00e9, tradition et belgitude\u2026 autant de valeurs cl\u00e9s qu\u2019Hector se donne pour d\u00e9fi de transmettre au quotidien, d\u2019abord \u00e0 ses [&hellip;]<\/p>","protected":false},"author":1,"featured_media":0,"parent":0,"menu_order":0,"comment_status":"closed","ping_status":"closed","template":"elementor_header_footer","meta":{"_monsterinsights_skip_tracking":false,"_monsterinsights_sitenote_active":false,"_monsterinsights_sitenote_note":"","_monsterinsights_sitenote_category":0,"footnotes":""},"class_list":["post-769","page","type-page","status-publish","hentry"],"aioseo_notices":[],"_links":{"self":[{"href":"https:\/\/hectorchicken.eu\/nl\/wp-json\/wp\/v2\/pages\/769","targetHints":{"allow":["GET"]}}],"collection":[{"href":"https:\/\/hectorchicken.eu\/nl\/wp-json\/wp\/v2\/pages"}],"about":[{"href":"https:\/\/hectorchicken.eu\/nl\/wp-json\/wp\/v2\/types\/page"}],"author":[{"embeddable":true,"href":"https:\/\/hectorchicken.eu\/nl\/wp-json\/wp\/v2\/users\/1"}],"replies":[{"embeddable":true,"href":"https:\/\/hectorchicken.eu\/nl\/wp-json\/wp\/v2\/comments?post=769"}],"version-history":[{"count":9,"href":"https:\/\/hectorchicken.eu\/nl\/wp-json\/wp\/v2\/pages\/769\/revisions"}],"predecessor-version":[{"id":998,"href":"https:\/\/hectorchicken.eu\/nl\/wp-json\/wp\/v2\/pages\/769\/revisions\/998"}],"wp:attachment":[{"href":"https:\/\/hectorchicken.eu\/nl\/wp-json\/wp\/v2\/media?parent=769"}],"curies":[{"name":"wp","href":"https:\/\/api.w.org\/{rel}","templated":true}]}}