{"id":817,"date":"2022-12-19T13:24:39","date_gmt":"2022-12-19T12:24:39","guid":{"rendered":"https:\/\/hectorchicken.eu\/?page_id=817"},"modified":"2022-12-20T15:10:56","modified_gmt":"2022-12-20T14:10:56","slug":"hector-cimetiere-ixelles","status":"publish","type":"page","link":"https:\/\/hectorchicken.eu\/nl\/restaurants\/hector-cimetiere-ixelles\/","title":{"rendered":"ULB"},"content":{"rendered":"<div data-elementor-type=\"wp-page\" data-elementor-id=\"817\" class=\"elementor elementor-817\" data-elementor-post-type=\"page\">\n\t\t\t\t\t\t<section data-particle_enable=\"false\" data-particle-mobile-disabled=\"false\" class=\"elementor-section elementor-top-section elementor-element elementor-element-1c6f4db elementor-section-boxed elementor-section-height-default elementor-section-height-default\" data-id=\"1c6f4db\" data-element_type=\"section\" data-settings=\"{&quot;background_background&quot;:&quot;classic&quot;}\">\n\t\t\t\t\t\t<div class=\"elementor-container elementor-column-gap-default\">\n\t\t\t\t\t<div class=\"elementor-column elementor-col-100 elementor-top-column elementor-element elementor-element-23ec003\" data-id=\"23ec003\" data-element_type=\"column\">\n\t\t\t<div class=\"elementor-widget-wrap elementor-element-populated\">\n\t\t\t\t\t\t<div class=\"elementor-element elementor-element-968ae75 elementor-widget elementor-widget-heading\" data-id=\"968ae75\" data-element_type=\"widget\" data-widget_type=\"heading.default\">\n\t\t\t\t<div class=\"elementor-widget-container\">\n\t\t\t\t\t<h2 class=\"elementor-heading-title elementor-size-default\">Ixelles - Cimeti\u00e8re<\/h2>\t\t\t\t<\/div>\n\t\t\t\t<\/div>\n\t\t\t\t\t<\/div>\n\t\t<\/div>\n\t\t\t\t\t<\/div>\n\t\t<\/section>\n\t\t\t\t<section data-particle_enable=\"false\" data-particle-mobile-disabled=\"false\" class=\"elementor-section elementor-top-section elementor-element elementor-element-2d3d630 elementor-section-full_width elementor-section-height-default elementor-section-height-default\" data-id=\"2d3d630\" data-element_type=\"section\">\n\t\t\t\t\t\t<div class=\"elementor-container elementor-column-gap-no\">\n\t\t\t\t\t<div class=\"elementor-column elementor-col-100 elementor-top-column elementor-element elementor-element-1707a45\" data-id=\"1707a45\" data-element_type=\"column\">\n\t\t\t<div class=\"elementor-widget-wrap elementor-element-populated\">\n\t\t\t\t\t\t<div class=\"elementor-element elementor-element-fa030f0 elementor-widget elementor-widget-google_maps\" data-id=\"fa030f0\" data-element_type=\"widget\" data-widget_type=\"google_maps.default\">\n\t\t\t\t<div class=\"elementor-widget-container\">\n\t\t\t\t\t\t\t<div class=\"elementor-custom-embed\">\n\t\t\t<iframe loading=\"lazy\"\n\t\t\t\t\tsrc=\"https:\/\/maps.google.com\/maps?q=Hector%20chicken%20-%20Cimeti%C3%A8re%20d%27Ixelles&#038;t=m&#038;z=15&#038;output=embed&#038;iwloc=near\"\n\t\t\t\t\ttitle=\"Hector chicken - Cimeti\u00e8re d&#039;Ixelles\"\n\t\t\t\t\taria-label=\"Hector chicken - Cimeti\u00e8re d&#039;Ixelles\"\n\t\t\t><\/iframe>\n\t\t<\/div>\n\t\t\t\t\t\t<\/div>\n\t\t\t\t<\/div>\n\t\t\t\t\t<\/div>\n\t\t<\/div>\n\t\t\t\t\t<\/div>\n\t\t<\/section>\n\t\t\t\t<section data-particle_enable=\"false\" data-particle-mobile-disabled=\"false\" class=\"elementor-section elementor-top-section elementor-element elementor-element-25f2d4b elementor-section-full_width elementor-section-height-default elementor-section-height-default\" data-id=\"25f2d4b\" data-element_type=\"section\">\n\t\t\t\t\t\t<div class=\"elementor-container elementor-column-gap-default\">\n\t\t\t\t\t<div class=\"elementor-column elementor-col-50 elementor-top-column elementor-element elementor-element-af93371\" data-id=\"af93371\" data-element_type=\"column\" data-settings=\"{&quot;background_background&quot;:&quot;slideshow&quot;,&quot;background_slideshow_gallery&quot;:[{&quot;id&quot;:663,&quot;url&quot;:&quot;http:\\\/\\\/hectorchicken.eu\\\/wp-content\\\/uploads\\\/2022\\\/12\\\/Resto_yourstory_agency-7400093.jpg&quot;}],&quot;background_slideshow_loop&quot;:&quot;yes&quot;,&quot;background_slideshow_slide_duration&quot;:5000,&quot;background_slideshow_slide_transition&quot;:&quot;fade&quot;,&quot;background_slideshow_transition_duration&quot;:500}\">\n\t\t\t<div class=\"elementor-widget-wrap elementor-element-populated\">\n\t\t\t\t\t\t<div class=\"elementor-element elementor-element-fe545a6 elementor-widget elementor-widget-spacer\" data-id=\"fe545a6\" data-element_type=\"widget\" data-widget_type=\"spacer.default\">\n\t\t\t\t<div class=\"elementor-widget-container\">\n\t\t\t\t\t\t\t<div class=\"elementor-spacer\">\n\t\t\t<div class=\"elementor-spacer-inner\"><\/div>\n\t\t<\/div>\n\t\t\t\t\t\t<\/div>\n\t\t\t\t<\/div>\n\t\t\t\t\t<\/div>\n\t\t<\/div>\n\t\t\t\t<div class=\"elementor-column elementor-col-50 elementor-top-column elementor-element elementor-element-69f5a71\" data-id=\"69f5a71\" data-element_type=\"column\">\n\t\t\t<div class=\"elementor-widget-wrap elementor-element-populated\">\n\t\t\t\t\t\t<div class=\"elementor-element elementor-element-6a7d9ef elementor-widget elementor-widget-image\" data-id=\"6a7d9ef\" data-element_type=\"widget\" data-widget_type=\"image.default\">\n\t\t\t\t<div class=\"elementor-widget-container\">\n\t\t\t\t\t\t\t\t\t\t\t\t\t\t\t<img decoding=\"async\" width=\"369\" height=\"61\" src=\"https:\/\/hectorchicken.eu\/wp-content\/uploads\/2022\/09\/Uber_Eats_2018_logo.svg\" class=\"attachment-large size-large wp-image-518\" alt=\"UberEats\" \/>\t\t\t\t\t\t\t\t\t\t\t\t\t\t\t<\/div>\n\t\t\t\t<\/div>\n\t\t\t\t<div class=\"elementor-element elementor-element-7ed27d7 elementor-align-center elementor-widget elementor-widget-button\" data-id=\"7ed27d7\" data-element_type=\"widget\" data-widget_type=\"button.default\">\n\t\t\t\t<div class=\"elementor-widget-container\">\n\t\t\t\t\t\t\t\t\t<div class=\"elementor-button-wrapper\">\n\t\t\t\t\t<a class=\"elementor-button elementor-button-link elementor-size-sm\" href=\"https:\/\/www.ubereats.com\/be-en\/brand-city\/elsene-bruxelles-capitale\/hector-chicken\">\n\t\t\t\t\t\t<span class=\"elementor-button-content-wrapper\">\n\t\t\t\t\t\t\t\t\t<span class=\"elementor-button-text\">Click &amp; Collect<\/span>\n\t\t\t\t\t<\/span>\n\t\t\t\t\t<\/a>\n\t\t\t\t<\/div>\n\t\t\t\t\t\t\t\t<\/div>\n\t\t\t\t<\/div>\n\t\t\t\t\t<\/div>\n\t\t<\/div>\n\t\t\t\t\t<\/div>\n\t\t<\/section>\n\t\t\t\t<section data-particle_enable=\"false\" data-particle-mobile-disabled=\"false\" class=\"elementor-section elementor-top-section elementor-element elementor-element-45e10af elementor-section-boxed elementor-section-height-default elementor-section-height-default\" data-id=\"45e10af\" data-element_type=\"section\">\n\t\t\t\t\t\t<div class=\"elementor-container elementor-column-gap-default\">\n\t\t\t\t\t<div class=\"elementor-column elementor-col-33 elementor-top-column elementor-element elementor-element-770437e\" data-id=\"770437e\" data-element_type=\"column\">\n\t\t\t<div class=\"elementor-widget-wrap elementor-element-populated\">\n\t\t\t\t\t\t<div class=\"elementor-element elementor-element-ce971aa elementor-widget elementor-widget-text-editor\" data-id=\"ce971aa\" data-element_type=\"widget\" data-widget_type=\"text-editor.default\">\n\t\t\t\t<div class=\"elementor-widget-container\">\n\t\t\t\t\t\t\t\t\t<p>Hector Cimeti\u00e8re d&rsquo;Ixelles<\/p><p>Av. de l&rsquo;Universit\u00e9 29<br \/>1050 Elsene<\/p>\t\t\t\t\t\t\t\t<\/div>\n\t\t\t\t<\/div>\n\t\t\t\t<div class=\"elementor-element elementor-element-fb14b94 elementor-icon-list--layout-traditional elementor-list-item-link-full_width elementor-widget elementor-widget-icon-list\" data-id=\"fb14b94\" data-element_type=\"widget\" data-widget_type=\"icon-list.default\">\n\t\t\t\t<div class=\"elementor-widget-container\">\n\t\t\t\t\t\t\t<ul class=\"elementor-icon-list-items\">\n\t\t\t\t\t\t\t<li class=\"elementor-icon-list-item\">\n\t\t\t\t\t\t\t\t\t\t\t<span class=\"elementor-icon-list-icon\">\n\t\t\t\t\t\t\t<i aria-hidden=\"true\" class=\"fas fa-phone-alt\"><\/i>\t\t\t\t\t\t<\/span>\n\t\t\t\t\t\t\t\t\t\t<span class=\"elementor-icon-list-text\">+32 647 71 05<\/span>\n\t\t\t\t\t\t\t\t\t<\/li>\n\t\t\t\t\t\t\t\t<li class=\"elementor-icon-list-item\">\n\t\t\t\t\t\t\t\t\t\t\t<a href=\"https:\/\/www.facebook.com\/hectorchickenulb\">\n\n\t\t\t\t\t\t\t\t\t\t\t\t<span class=\"elementor-icon-list-icon\">\n\t\t\t\t\t\t\t<i aria-hidden=\"true\" class=\"fab fa-facebook-messenger\"><\/i>\t\t\t\t\t\t<\/span>\n\t\t\t\t\t\t\t\t\t\t<span class=\"elementor-icon-list-text\">@hectorchickenulb<\/span>\n\t\t\t\t\t\t\t\t\t\t\t<\/a>\n\t\t\t\t\t\t\t\t\t<\/li>\n\t\t\t\t\t\t\t\t<li class=\"elementor-icon-list-item\">\n\t\t\t\t\t\t\t\t\t\t\t<span class=\"elementor-icon-list-icon\">\n\t\t\t\t\t\t\t<i aria-hidden=\"true\" class=\"far fa-envelope\"><\/i>\t\t\t\t\t\t<\/span>\n\t\t\t\t\t\t\t\t\t\t<span class=\"elementor-icon-list-text\">ulb@hector.be<\/span>\n\t\t\t\t\t\t\t\t\t<\/li>\n\t\t\t\t\t\t\t\t<li class=\"elementor-icon-list-item\">\n\t\t\t\t\t\t\t\t\t\t\t<span class=\"elementor-icon-list-icon\">\n\t\t\t\t\t\t\t<i aria-hidden=\"true\" class=\"fas fa-wifi\"><\/i>\t\t\t\t\t\t<\/span>\n\t\t\t\t\t\t\t\t\t\t<span class=\"elementor-icon-list-text\">Free Wifi<\/span>\n\t\t\t\t\t\t\t\t\t<\/li>\n\t\t\t\t\t\t\t\t<li class=\"elementor-icon-list-item\">\n\t\t\t\t\t\t\t\t\t\t\t<span class=\"elementor-icon-list-icon\">\n\t\t\t\t\t\t\t<i aria-hidden=\"true\" class=\"fas fa-credit-card\"><\/i>\t\t\t\t\t\t<\/span>\n\t\t\t\t\t\t\t\t\t\t<span class=\"elementor-icon-list-text\">Cash, Bancontact, Visa, Mastercard, Tickets Restaurants, Sans contact<\/span>\n\t\t\t\t\t\t\t\t\t<\/li>\n\t\t\t\t\t\t<\/ul>\n\t\t\t\t\t\t<\/div>\n\t\t\t\t<\/div>\n\t\t\t\t<section data-particle_enable=\"false\" data-particle-mobile-disabled=\"false\" class=\"elementor-section elementor-inner-section elementor-element elementor-element-be75215 elementor-section-boxed elementor-section-height-default elementor-section-height-default\" data-id=\"be75215\" data-element_type=\"section\">\n\t\t\t\t\t\t<div class=\"elementor-container elementor-column-gap-default\">\n\t\t\t\t\t<div class=\"elementor-column elementor-col-100 elementor-inner-column elementor-element elementor-element-242bae2\" data-id=\"242bae2\" data-element_type=\"column\">\n\t\t\t<div class=\"elementor-widget-wrap elementor-element-populated\">\n\t\t\t\t\t\t<div class=\"elementor-element elementor-element-ca37f46 elementor-widget__width-auto elementor-widget elementor-widget-text-editor\" data-id=\"ca37f46\" data-element_type=\"widget\" data-widget_type=\"text-editor.default\">\n\t\t\t\t<div class=\"elementor-widget-container\">\n\t\t\t\t\t\t\t\t\t<p>Lundi<br \/>11h-22h00<\/p>\t\t\t\t\t\t\t\t<\/div>\n\t\t\t\t<\/div>\n\t\t\t\t<div class=\"elementor-element elementor-element-df072a5 elementor-widget__width-auto elementor-widget elementor-widget-text-editor\" data-id=\"df072a5\" data-element_type=\"widget\" data-widget_type=\"text-editor.default\">\n\t\t\t\t<div class=\"elementor-widget-container\">\n\t\t\t\t\t\t\t\t\t<p>Mardi<br \/>11h-22h00<\/p>\t\t\t\t\t\t\t\t<\/div>\n\t\t\t\t<\/div>\n\t\t\t\t<div class=\"elementor-element elementor-element-f844b93 elementor-widget__width-auto elementor-widget elementor-widget-text-editor\" data-id=\"f844b93\" data-element_type=\"widget\" data-widget_type=\"text-editor.default\">\n\t\t\t\t<div class=\"elementor-widget-container\">\n\t\t\t\t\t\t\t\t\t<p>Mercredi<br \/>11h-22h30<\/p>\t\t\t\t\t\t\t\t<\/div>\n\t\t\t\t<\/div>\n\t\t\t\t<div class=\"elementor-element elementor-element-d94590a elementor-widget__width-auto elementor-widget elementor-widget-text-editor\" data-id=\"d94590a\" data-element_type=\"widget\" data-widget_type=\"text-editor.default\">\n\t\t\t\t<div class=\"elementor-widget-container\">\n\t\t\t\t\t\t\t\t\t<p>Jeudi<br \/>11h-22h00<\/p>\t\t\t\t\t\t\t\t<\/div>\n\t\t\t\t<\/div>\n\t\t\t\t<div class=\"elementor-element elementor-element-5d4f3d9 elementor-widget__width-auto elementor-widget elementor-widget-text-editor\" data-id=\"5d4f3d9\" data-element_type=\"widget\" data-widget_type=\"text-editor.default\">\n\t\t\t\t<div class=\"elementor-widget-container\">\n\t\t\t\t\t\t\t\t\t<p>Vendredi<br \/>11h-22h30<\/p>\t\t\t\t\t\t\t\t<\/div>\n\t\t\t\t<\/div>\n\t\t\t\t<div class=\"elementor-element elementor-element-c8b1f4d elementor-widget__width-auto elementor-widget elementor-widget-text-editor\" data-id=\"c8b1f4d\" data-element_type=\"widget\" data-widget_type=\"text-editor.default\">\n\t\t\t\t<div class=\"elementor-widget-container\">\n\t\t\t\t\t\t\t\t\t<p>Samedi<br \/>11h-22h30<\/p>\t\t\t\t\t\t\t\t<\/div>\n\t\t\t\t<\/div>\n\t\t\t\t<div class=\"elementor-element elementor-element-f8cefc2 elementor-widget__width-auto elementor-widget elementor-widget-text-editor\" data-id=\"f8cefc2\" data-element_type=\"widget\" data-widget_type=\"text-editor.default\">\n\t\t\t\t<div class=\"elementor-widget-container\">\n\t\t\t\t\t\t\t\t\t<p>Dimanche<br \/>11h-22h00<\/p>\t\t\t\t\t\t\t\t<\/div>\n\t\t\t\t<\/div>\n\t\t\t\t\t<\/div>\n\t\t<\/div>\n\t\t\t\t\t<\/div>\n\t\t<\/section>\n\t\t\t\t\t<\/div>\n\t\t<\/div>\n\t\t\t\t<div class=\"elementor-column elementor-col-33 elementor-top-column elementor-element elementor-element-b0c9cc0\" data-id=\"b0c9cc0\" data-element_type=\"column\">\n\t\t\t<div class=\"elementor-widget-wrap elementor-element-populated\">\n\t\t\t\t\t\t<div class=\"elementor-element elementor-element-4785d9f elementor-widget elementor-widget-image\" data-id=\"4785d9f\" data-element_type=\"widget\" data-widget_type=\"image.default\">\n\t\t\t\t<div class=\"elementor-widget-container\">\n\t\t\t\t\t\t\t\t\t\t\t\t\t\t\t<img fetchpriority=\"high\" decoding=\"async\" width=\"768\" height=\"1152\" src=\"https:\/\/hectorchicken.eu\/wp-content\/uploads\/2022\/12\/RESTAURANT_yourstory_agency-7400081-768x1152.jpg\" class=\"attachment-medium_large size-medium_large wp-image-631\" alt=\"Hector Chicken Restaurant\" srcset=\"https:\/\/hectorchicken.eu\/wp-content\/uploads\/2022\/12\/RESTAURANT_yourstory_agency-7400081-768x1152.jpg 768w, https:\/\/hectorchicken.eu\/wp-content\/uploads\/2022\/12\/RESTAURANT_yourstory_agency-7400081-200x300.jpg 200w, https:\/\/hectorchicken.eu\/wp-content\/uploads\/2022\/12\/RESTAURANT_yourstory_agency-7400081-682x1024.jpg 682w, https:\/\/hectorchicken.eu\/wp-content\/uploads\/2022\/12\/RESTAURANT_yourstory_agency-7400081-1024x1536.jpg 1024w, https:\/\/hectorchicken.eu\/wp-content\/uploads\/2022\/12\/RESTAURANT_yourstory_agency-7400081-8x12.jpg 8w, https:\/\/hectorchicken.eu\/wp-content\/uploads\/2022\/12\/RESTAURANT_yourstory_agency-7400081.jpg 1333w\" sizes=\"(max-width: 768px) 100vw, 768px\" \/>\t\t\t\t\t\t\t\t\t\t\t\t\t\t\t<\/div>\n\t\t\t\t<\/div>\n\t\t\t\t\t<\/div>\n\t\t<\/div>\n\t\t\t\t<div class=\"elementor-column elementor-col-33 elementor-top-column elementor-element elementor-element-0b80a1f\" data-id=\"0b80a1f\" data-element_type=\"column\">\n\t\t\t<div class=\"elementor-widget-wrap elementor-element-populated\">\n\t\t\t\t\t\t<div class=\"elementor-element elementor-element-78032e3 elementor-widget elementor-widget-heading\" data-id=\"78032e3\" data-element_type=\"widget\" data-widget_type=\"heading.default\">\n\t\t\t\t<div class=\"elementor-widget-container\">\n\t\t\t\t\t<h2 class=\"elementor-heading-title elementor-size-default\">App Hector<\/h2>\t\t\t\t<\/div>\n\t\t\t\t<\/div>\n\t\t\t\t<div class=\"elementor-element elementor-element-210ab4a elementor-widget elementor-widget-text-editor\" data-id=\"210ab4a\" data-element_type=\"widget\" data-widget_type=\"text-editor.default\">\n\t\t\t\t<div class=\"elementor-widget-container\">\n\t\t\t\t\t\t\t\t\t<p>T\u00e9l\u00e9charge l&rsquo;application Hector Chicken et profites de produits gratuits\u00a0<\/p>\t\t\t\t\t\t\t\t<\/div>\n\t\t\t\t<\/div>\n\t\t\t\t<div class=\"elementor-element elementor-element-3659bcd elementor-widget elementor-widget-image\" data-id=\"3659bcd\" data-element_type=\"widget\" data-widget_type=\"image.default\">\n\t\t\t\t<div class=\"elementor-widget-container\">\n\t\t\t\t\t\t\t\t\t\t\t\t\t\t\t<img decoding=\"async\" width=\"768\" height=\"538\" src=\"https:\/\/hectorchicken.eu\/wp-content\/uploads\/2022\/12\/smartmockups_lbv034gn-768x538.jpg\" class=\"attachment-medium_large size-medium_large wp-image-917\" alt=\"\" srcset=\"https:\/\/hectorchicken.eu\/wp-content\/uploads\/2022\/12\/smartmockups_lbv034gn-768x538.jpg 768w, https:\/\/hectorchicken.eu\/wp-content\/uploads\/2022\/12\/smartmockups_lbv034gn-300x210.jpg 300w, https:\/\/hectorchicken.eu\/wp-content\/uploads\/2022\/12\/smartmockups_lbv034gn-1024x717.jpg 1024w, https:\/\/hectorchicken.eu\/wp-content\/uploads\/2022\/12\/smartmockups_lbv034gn-18x12.jpg 18w, https:\/\/hectorchicken.eu\/wp-content\/uploads\/2022\/12\/smartmockups_lbv034gn.jpg 1280w\" sizes=\"(max-width: 768px) 100vw, 768px\" \/>\t\t\t\t\t\t\t\t\t\t\t\t\t\t\t<\/div>\n\t\t\t\t<\/div>\n\t\t\t\t<div class=\"elementor-element elementor-element-fb964bd elementor-widget elementor-widget-image\" data-id=\"fb964bd\" data-element_type=\"widget\" data-widget_type=\"image.default\">\n\t\t\t\t<div class=\"elementor-widget-container\">\n\t\t\t\t\t\t\t\t\t\t\t\t\t\t\t\t<a href=\"https:\/\/apps.apple.com\/be\/app\/hector-chicken\/id1601636357\" target=\"_blank\">\n\t\t\t\t\t\t\t<img loading=\"lazy\" decoding=\"async\" width=\"300\" height=\"89\" src=\"https:\/\/hectorchicken.eu\/wp-content\/uploads\/2022\/12\/logoappstoreIOS-300x89.png\" class=\"attachment-medium size-medium wp-image-916\" alt=\"\" srcset=\"https:\/\/hectorchicken.eu\/wp-content\/uploads\/2022\/12\/logoappstoreIOS-300x89.png 300w, https:\/\/hectorchicken.eu\/wp-content\/uploads\/2022\/12\/logoappstoreIOS-1024x303.png 1024w, https:\/\/hectorchicken.eu\/wp-content\/uploads\/2022\/12\/logoappstoreIOS-768x227.png 768w, https:\/\/hectorchicken.eu\/wp-content\/uploads\/2022\/12\/logoappstoreIOS-18x5.png 18w, https:\/\/hectorchicken.eu\/wp-content\/uploads\/2022\/12\/logoappstoreIOS.png 1084w\" sizes=\"(max-width: 300px) 100vw, 300px\" \/>\t\t\t\t\t\t\t\t<\/a>\n\t\t\t\t\t\t\t\t\t\t\t\t\t\t\t<\/div>\n\t\t\t\t<\/div>\n\t\t\t\t<div class=\"elementor-element elementor-element-3a682de elementor-widget elementor-widget-image\" data-id=\"3a682de\" data-element_type=\"widget\" data-widget_type=\"image.default\">\n\t\t\t\t<div class=\"elementor-widget-container\">\n\t\t\t\t\t\t\t\t\t\t\t\t\t\t\t\t<a href=\"https:\/\/play.google.com\/store\/apps\/details?id=com.como.prod905420211222\">\n\t\t\t\t\t\t\t<img loading=\"lazy\" decoding=\"async\" width=\"300\" height=\"89\" src=\"https:\/\/hectorchicken.eu\/wp-content\/uploads\/2022\/12\/logoappstoreGoogle-300x89.png\" class=\"attachment-medium size-medium wp-image-915\" alt=\"\" srcset=\"https:\/\/hectorchicken.eu\/wp-content\/uploads\/2022\/12\/logoappstoreGoogle-300x89.png 300w, https:\/\/hectorchicken.eu\/wp-content\/uploads\/2022\/12\/logoappstoreGoogle-1024x305.png 1024w, https:\/\/hectorchicken.eu\/wp-content\/uploads\/2022\/12\/logoappstoreGoogle-768x229.png 768w, https:\/\/hectorchicken.eu\/wp-content\/uploads\/2022\/12\/logoappstoreGoogle-18x5.png 18w, https:\/\/hectorchicken.eu\/wp-content\/uploads\/2022\/12\/logoappstoreGoogle.png 1084w\" sizes=\"(max-width: 300px) 100vw, 300px\" \/>\t\t\t\t\t\t\t\t<\/a>\n\t\t\t\t\t\t\t\t\t\t\t\t\t\t\t<\/div>\n\t\t\t\t<\/div>\n\t\t\t\t\t<\/div>\n\t\t<\/div>\n\t\t\t\t\t<\/div>\n\t\t<\/section>\n\t\t\t\t<\/div>","protected":false},"excerpt":{"rendered":"<p>Ixelles &#8211; Cimeti\u00e8re Click &#038; Collect Hector Cimeti\u00e8re d&rsquo;Ixelles Av. de l&rsquo;Universit\u00e9 291050 Bruxelles +32 647 71 05 @hectorchickenulb ulb@hector.be Free Wifi Cash, Bancontact, Visa, Mastercard, Tickets Restaurants, Sans contact Lundi11h-22h00 Mardi11h-22h00 Mercredi11h-22h30 Jeudi11h-22h00 Vendredi11h-22h30 Samedi11h-22h30 Dimanche11h-22h00 App Hector T\u00e9l\u00e9charge l&rsquo;application Hector Chicken et profites de produits gratuits\u00a0<\/p>","protected":false},"author":1,"featured_media":0,"parent":510,"menu_order":0,"comment_status":"closed","ping_status":"closed","template":"elementor_header_footer","meta":{"_monsterinsights_skip_tracking":false,"_monsterinsights_sitenote_active":false,"_monsterinsights_sitenote_note":"","_monsterinsights_sitenote_category":0,"footnotes":""},"class_list":["post-817","page","type-page","status-publish","hentry"],"aioseo_notices":[],"_links":{"self":[{"href":"https:\/\/hectorchicken.eu\/nl\/wp-json\/wp\/v2\/pages\/817","targetHints":{"allow":["GET"]}}],"collection":[{"href":"https:\/\/hectorchicken.eu\/nl\/wp-json\/wp\/v2\/pages"}],"about":[{"href":"https:\/\/hectorchicken.eu\/nl\/wp-json\/wp\/v2\/types\/page"}],"author":[{"embeddable":true,"href":"https:\/\/hectorchicken.eu\/nl\/wp-json\/wp\/v2\/users\/1"}],"replies":[{"embeddable":true,"href":"https:\/\/hectorchicken.eu\/nl\/wp-json\/wp\/v2\/comments?post=817"}],"version-history":[{"count":18,"href":"https:\/\/hectorchicken.eu\/nl\/wp-json\/wp\/v2\/pages\/817\/revisions"}],"predecessor-version":[{"id":930,"href":"https:\/\/hectorchicken.eu\/nl\/wp-json\/wp\/v2\/pages\/817\/revisions\/930"}],"up":[{"embeddable":true,"href":"https:\/\/hectorchicken.eu\/nl\/wp-json\/wp\/v2\/pages\/510"}],"wp:attachment":[{"href":"https:\/\/hectorchicken.eu\/nl\/wp-json\/wp\/v2\/media?parent=817"}],"curies":[{"name":"wp","href":"https:\/\/api.w.org\/{rel}","templated":true}]}}